{"id":314,"date":"2017-08-30T09:38:23","date_gmt":"2017-08-30T07:38:23","guid":{"rendered":"http:\/\/185.63.153.211\/~funky\/implantologie\/?page_id=314"},"modified":"2017-08-30T09:38:23","modified_gmt":"2017-08-30T07:38:23","slug":"academie-bin","status":"publish","type":"page","link":"https:\/\/implantologiedenhaag.nl\/en\/about-us\/implantologist-edith-groenendijk\/academie-bin\/","title":{"rendered":"Acad\u00e9mie BIN"},"content":{"rendered":"<h2>Acad\u00e9mie Bevordering van Implantologie Nederland (AcBIN)<\/h2>\n<p>Implantoloog Edith Groenendijk is lid van de de Acad\u00e9mie Bevordering van Implantologie Nederland (AcBIN) De AcBIN is een vereniging van 21 tandarts-implantologen, die samenwerken om de kwaliteit van de implantaatbehandeling te waarborgen en kwaliteitsafspraken met zorgverzekeraars te maken. De aangesloten tandarts-implantologen profileren zich door gedrevenheid, ervaring en onderlinge kennisuitwisseling.<\/p>\n<p>De vereniging is opgericht op 19 januari 2010. Alle tandarts-implantologen komen periodiek bij elkaar om aan de kwaliteit van zorg in het kader van implantaatbehandelingen te werken. De aangesloten tandarts-implantologen willen garant staan voor een goede kwaliteit van zorg en beseffen dat dit niet vanzelf gaat. De tandarts-implantologen zijn overtuigd dat een behandeling met implantaten een afweging is tussen enerzijds de kwaliteit en anderzijds de prijs.<\/p>\n<p>BIN bestaat uit een gekozen dagelijks bestuur en wordt toegezien door de leden. Een Raad van Advies, bestaande uit externe deskundigen, voorziet BIN van een onafhankelijk advies. Het dagelijks bestuur laat zich bij de uitvoering van diverse activiteiten, die vallen onder facilitaire diensten, financi\u00ebn en medisch handelen, ondersteunen door een verenigingsbureau.<\/p>\n<p><a href=\"http:\/\/www.belangenverenigingimplantologie.nl\/\" target=\"_blank\">Naar de website van BIN<\/a>.<\/p>\n","protected":false},"excerpt":{"rendered":"<p>Acad\u00e9mie Bevordering van Implantologie Nederland (AcBIN) Implantoloog Edith Groenendijk is lid van de de Acad\u00e9mie Bevordering van Implantologie &#8230; <a title=\"Acad\u00e9mie BIN\" class=\"read-more\" href=\"https:\/\/implantologiedenhaag.nl\/en\/about-us\/implantologist-edith-groenendijk\/academie-bin\/\" aria-label=\"Read more about Acad\u00e9mie BIN\">Lees meer<\/a><\/p>\n","protected":false},"author":1,"featured_media":316,"parent":303,"menu_order":4,"comment_status":"closed","ping_status":"closed","template":"","meta":{"footnotes":""},"class_list":{"0":"post-314","1":"page","2":"type-page","3":"status-publish","4":"has-post-thumbnail","6":"resize-featured-image"},"yoast_head":"<!-- This site is optimized with the Yoast SEO plugin v27.4 - https:\/\/yoast.com\/product\/yoast-seo-wordpress\/ -->\n<title>Acad\u00e9mie BIN - Implantologie Den Haag<\/title>\n<meta name=\"robots\" content=\"index, follow, max-snippet:-1, max-image-preview:large, max-video-preview:-1\" \/>\n<link rel=\"canonical\" href=\"https:\/\/implantologiedenhaag.nl\/over-ons\/implantoloog-edith-groenendijk\/academie-bin\/\" \/>\n<meta property=\"og:locale\" content=\"en_US\" \/>\n<meta property=\"og:type\" content=\"article\" \/>\n<meta property=\"og:title\" content=\"Acad\u00e9mie BIN - Implantologie Den Haag\" \/>\n<meta property=\"og:description\" content=\"Acad\u00e9mie Bevordering van Implantologie Nederland (AcBIN) Implantoloog Edith Groenendijk is lid van de de Acad\u00e9mie Bevordering van Implantologie ... Lees meer\" \/>\n<meta property=\"og:url\" content=\"https:\/\/implantologiedenhaag.nl\/over-ons\/implantoloog-edith-groenendijk\/academie-bin\/\" \/>\n<meta property=\"og:site_name\" content=\"Implantologie Den Haag\" \/>\n<meta property=\"og:image\" content=\"https:\/\/implantologiedenhaag.nl\/wp-content\/uploads\/2017\/05\/feat-bin.jpg\" \/>\n\t<meta property=\"og:image:width\" content=\"1300\" \/>\n\t<meta property=\"og:image:height\" content=\"866\" \/>\n\t<meta property=\"og:image:type\" content=\"image\/jpeg\" \/>\n<meta name=\"twitter:card\" content=\"summary_large_image\" \/>\n<meta name=\"twitter:label1\" content=\"Est. reading time\" \/>\n\t<meta name=\"twitter:data1\" content=\"1 minute\" \/>\n<script type=\"application\/ld+json\" class=\"yoast-schema-graph\">{\"@context\":\"https:\\\/\\\/schema.org\",\"@graph\":[{\"@type\":\"WebPage\",\"@id\":\"https:\\\/\\\/implantologiedenhaag.nl\\\/over-ons\\\/implantoloog-edith-groenendijk\\\/academie-bin\\\/\",\"url\":\"https:\\\/\\\/implantologiedenhaag.nl\\\/over-ons\\\/implantoloog-edith-groenendijk\\\/academie-bin\\\/\",\"name\":\"Acad\u00e9mie BIN - Implantologie Den Haag\",\"isPartOf\":{\"@id\":\"https:\\\/\\\/implantologiedenhaag.nl\\\/#website\"},\"primaryImageOfPage\":{\"@id\":\"https:\\\/\\\/implantologiedenhaag.nl\\\/over-ons\\\/implantoloog-edith-groenendijk\\\/academie-bin\\\/#primaryimage\"},\"image\":{\"@id\":\"https:\\\/\\\/implantologiedenhaag.nl\\\/over-ons\\\/implantoloog-edith-groenendijk\\\/academie-bin\\\/#primaryimage\"},\"thumbnailUrl\":\"https:\\\/\\\/implantologiedenhaag.nl\\\/wp-content\\\/uploads\\\/2017\\\/05\\\/feat-bin.jpg\",\"datePublished\":\"2017-08-30T07:38:23+00:00\",\"breadcrumb\":{\"@id\":\"https:\\\/\\\/implantologiedenhaag.nl\\\/over-ons\\\/implantoloog-edith-groenendijk\\\/academie-bin\\\/#breadcrumb\"},\"inLanguage\":\"en-US\",\"potentialAction\":[{\"@type\":\"ReadAction\",\"target\":[\"https:\\\/\\\/implantologiedenhaag.nl\\\/over-ons\\\/implantoloog-edith-groenendijk\\\/academie-bin\\\/\"]}]},{\"@type\":\"ImageObject\",\"inLanguage\":\"en-US\",\"@id\":\"https:\\\/\\\/implantologiedenhaag.nl\\\/over-ons\\\/implantoloog-edith-groenendijk\\\/academie-bin\\\/#primaryimage\",\"url\":\"https:\\\/\\\/implantologiedenhaag.nl\\\/wp-content\\\/uploads\\\/2017\\\/05\\\/feat-bin.jpg\",\"contentUrl\":\"https:\\\/\\\/implantologiedenhaag.nl\\\/wp-content\\\/uploads\\\/2017\\\/05\\\/feat-bin.jpg\",\"width\":1300,\"height\":866},{\"@type\":\"BreadcrumbList\",\"@id\":\"https:\\\/\\\/implantologiedenhaag.nl\\\/over-ons\\\/implantoloog-edith-groenendijk\\\/academie-bin\\\/#breadcrumb\",\"itemListElement\":[{\"@type\":\"ListItem\",\"position\":1,\"name\":\"Home\",\"item\":\"https:\\\/\\\/implantologiedenhaag.nl\\\/\"},{\"@type\":\"ListItem\",\"position\":2,\"name\":\"About us\",\"item\":\"https:\\\/\\\/implantologiedenhaag.nl\\\/over-ons\\\/\"},{\"@type\":\"ListItem\",\"position\":3,\"name\":\"Implantologist Edith Groenendijk\",\"item\":\"https:\\\/\\\/implantologiedenhaag.nl\\\/over-ons\\\/implantoloog-edith-groenendijk\\\/\"},{\"@type\":\"ListItem\",\"position\":4,\"name\":\"Acad\u00e9mie BIN\"}]},{\"@type\":\"WebSite\",\"@id\":\"https:\\\/\\\/implantologiedenhaag.nl\\\/#website\",\"url\":\"https:\\\/\\\/implantologiedenhaag.nl\\\/\",\"name\":\"Implantologie Den Haag\",\"description\":\"Implantologie Den Haag | TEK Groenendijk \",\"publisher\":{\"@id\":\"https:\\\/\\\/implantologiedenhaag.nl\\\/#organization\"},\"potentialAction\":[{\"@type\":\"SearchAction\",\"target\":{\"@type\":\"EntryPoint\",\"urlTemplate\":\"https:\\\/\\\/implantologiedenhaag.nl\\\/?s={search_term_string}\"},\"query-input\":{\"@type\":\"PropertyValueSpecification\",\"valueRequired\":true,\"valueName\":\"search_term_string\"}}],\"inLanguage\":\"en-US\"},{\"@type\":\"Organization\",\"@id\":\"https:\\\/\\\/implantologiedenhaag.nl\\\/#organization\",\"name\":\"Implantologie Den Haag\",\"url\":\"https:\\\/\\\/implantologiedenhaag.nl\\\/\",\"logo\":{\"@type\":\"ImageObject\",\"inLanguage\":\"en-US\",\"@id\":\"https:\\\/\\\/implantologiedenhaag.nl\\\/#\\\/schema\\\/logo\\\/image\\\/\",\"url\":\"https:\\\/\\\/implantologiedenhaag.nl\\\/wp-content\\\/uploads\\\/2025\\\/11\\\/logo.png\",\"contentUrl\":\"https:\\\/\\\/implantologiedenhaag.nl\\\/wp-content\\\/uploads\\\/2025\\\/11\\\/logo.png\",\"width\":400,\"height\":100,\"caption\":\"Implantologie Den Haag\"},\"image\":{\"@id\":\"https:\\\/\\\/implantologiedenhaag.nl\\\/#\\\/schema\\\/logo\\\/image\\\/\"}}]}<\/script>\n<!-- \/ Yoast SEO plugin. -->","yoast_head_json":{"title":"Acad\u00e9mie BIN - Implantologie Den Haag","robots":{"index":"index","follow":"follow","max-snippet":"max-snippet:-1","max-image-preview":"max-image-preview:large","max-video-preview":"max-video-preview:-1"},"canonical":"https:\/\/implantologiedenhaag.nl\/over-ons\/implantoloog-edith-groenendijk\/academie-bin\/","og_locale":"en_US","og_type":"article","og_title":"Acad\u00e9mie BIN - Implantologie Den Haag","og_description":"Acad\u00e9mie Bevordering van Implantologie Nederland (AcBIN) Implantoloog Edith Groenendijk is lid van de de Acad\u00e9mie Bevordering van Implantologie ... Lees meer","og_url":"https:\/\/implantologiedenhaag.nl\/over-ons\/implantoloog-edith-groenendijk\/academie-bin\/","og_site_name":"Implantologie Den Haag","og_image":[{"width":1300,"height":866,"url":"https:\/\/implantologiedenhaag.nl\/wp-content\/uploads\/2017\/05\/feat-bin.jpg","type":"image\/jpeg"}],"twitter_card":"summary_large_image","twitter_misc":{"Est. reading time":"1 minute"},"schema":{"@context":"https:\/\/schema.org","@graph":[{"@type":"WebPage","@id":"https:\/\/implantologiedenhaag.nl\/over-ons\/implantoloog-edith-groenendijk\/academie-bin\/","url":"https:\/\/implantologiedenhaag.nl\/over-ons\/implantoloog-edith-groenendijk\/academie-bin\/","name":"Acad\u00e9mie BIN - Implantologie Den Haag","isPartOf":{"@id":"https:\/\/implantologiedenhaag.nl\/#website"},"primaryImageOfPage":{"@id":"https:\/\/implantologiedenhaag.nl\/over-ons\/implantoloog-edith-groenendijk\/academie-bin\/#primaryimage"},"image":{"@id":"https:\/\/implantologiedenhaag.nl\/over-ons\/implantoloog-edith-groenendijk\/academie-bin\/#primaryimage"},"thumbnailUrl":"https:\/\/implantologiedenhaag.nl\/wp-content\/uploads\/2017\/05\/feat-bin.jpg","datePublished":"2017-08-30T07:38:23+00:00","breadcrumb":{"@id":"https:\/\/implantologiedenhaag.nl\/over-ons\/implantoloog-edith-groenendijk\/academie-bin\/#breadcrumb"},"inLanguage":"en-US","potentialAction":[{"@type":"ReadAction","target":["https:\/\/implantologiedenhaag.nl\/over-ons\/implantoloog-edith-groenendijk\/academie-bin\/"]}]},{"@type":"ImageObject","inLanguage":"en-US","@id":"https:\/\/implantologiedenhaag.nl\/over-ons\/implantoloog-edith-groenendijk\/academie-bin\/#primaryimage","url":"https:\/\/implantologiedenhaag.nl\/wp-content\/uploads\/2017\/05\/feat-bin.jpg","contentUrl":"https:\/\/implantologiedenhaag.nl\/wp-content\/uploads\/2017\/05\/feat-bin.jpg","width":1300,"height":866},{"@type":"BreadcrumbList","@id":"https:\/\/implantologiedenhaag.nl\/over-ons\/implantoloog-edith-groenendijk\/academie-bin\/#breadcrumb","itemListElement":[{"@type":"ListItem","position":1,"name":"Home","item":"https:\/\/implantologiedenhaag.nl\/"},{"@type":"ListItem","position":2,"name":"About us","item":"https:\/\/implantologiedenhaag.nl\/over-ons\/"},{"@type":"ListItem","position":3,"name":"Implantologist Edith Groenendijk","item":"https:\/\/implantologiedenhaag.nl\/over-ons\/implantoloog-edith-groenendijk\/"},{"@type":"ListItem","position":4,"name":"Acad\u00e9mie BIN"}]},{"@type":"WebSite","@id":"https:\/\/implantologiedenhaag.nl\/#website","url":"https:\/\/implantologiedenhaag.nl\/","name":"Implantologie Den Haag","description":"Implantologie Den Haag | TEK Groenendijk ","publisher":{"@id":"https:\/\/implantologiedenhaag.nl\/#organization"},"potentialAction":[{"@type":"SearchAction","target":{"@type":"EntryPoint","urlTemplate":"https:\/\/implantologiedenhaag.nl\/?s={search_term_string}"},"query-input":{"@type":"PropertyValueSpecification","valueRequired":true,"valueName":"search_term_string"}}],"inLanguage":"en-US"},{"@type":"Organization","@id":"https:\/\/implantologiedenhaag.nl\/#organization","name":"Implantologie Den Haag","url":"https:\/\/implantologiedenhaag.nl\/","logo":{"@type":"ImageObject","inLanguage":"en-US","@id":"https:\/\/implantologiedenhaag.nl\/#\/schema\/logo\/image\/","url":"https:\/\/implantologiedenhaag.nl\/wp-content\/uploads\/2025\/11\/logo.png","contentUrl":"https:\/\/implantologiedenhaag.nl\/wp-content\/uploads\/2025\/11\/logo.png","width":400,"height":100,"caption":"Implantologie Den Haag"},"image":{"@id":"https:\/\/implantologiedenhaag.nl\/#\/schema\/logo\/image\/"}}]}},"_links":{"self":[{"href":"https:\/\/implantologiedenhaag.nl\/en\/wp-json\/wp\/v2\/pages\/314","targetHints":{"allow":["GET"]}}],"collection":[{"href":"https:\/\/implantologiedenhaag.nl\/en\/wp-json\/wp\/v2\/pages"}],"about":[{"href":"https:\/\/implantologiedenhaag.nl\/en\/wp-json\/wp\/v2\/types\/page"}],"author":[{"embeddable":true,"href":"https:\/\/implantologiedenhaag.nl\/en\/wp-json\/wp\/v2\/users\/1"}],"replies":[{"embeddable":true,"href":"https:\/\/implantologiedenhaag.nl\/en\/wp-json\/wp\/v2\/comments?post=314"}],"version-history":[{"count":0,"href":"https:\/\/implantologiedenhaag.nl\/en\/wp-json\/wp\/v2\/pages\/314\/revisions"}],"up":[{"embeddable":true,"href":"https:\/\/implantologiedenhaag.nl\/en\/wp-json\/wp\/v2\/pages\/303"}],"wp:featuredmedia":[{"embeddable":true,"href":"https:\/\/implantologiedenhaag.nl\/en\/wp-json\/wp\/v2\/media\/316"}],"wp:attachment":[{"href":"https:\/\/implantologiedenhaag.nl\/en\/wp-json\/wp\/v2\/media?parent=314"}],"curies":[{"name":"wp","href":"https:\/\/api.w.org\/{rel}","templated":true}]}}