{"id":312,"date":"2017-08-30T09:38:00","date_gmt":"2017-08-30T07:38:00","guid":{"rendered":"http:\/\/185.63.153.211\/~funky\/implantologie\/?page_id=312"},"modified":"2017-08-30T10:05:27","modified_gmt":"2017-08-30T08:05:27","slug":"training-and-further-education","status":"publish","type":"page","link":"https:\/\/implantologiedenhaag.nl\/en\/about-us\/implantologist-edith-groenendijk\/training-and-further-education\/","title":{"rendered":"Training and further education"},"content":{"rendered":"<h2>Education<\/h2>\n<table class=\"opleiding\">\n<tr>\n<th>Year<\/th>\n<th>Education<\/th>\n<\/tr>\n<tr>\n<td>1998-2000<\/td>\n<td>Postacademische opleiding tot implantoloog (MSc Implantology) aan het   ACTA te Amsterdam o.l.v.  Dr. Herman   Hosman (Chef de Clinique) en Prof. Dr. Rien van Waas<\/td>\n<\/tr>\n<tr>\n<td>1984-1989<\/td>\n<td>Opleiding tot tandarts aan de Katholieke Universiteit te Nijmegen<\/td>\n<\/tr>\n<\/table>\n<h2>Nascholing en cursussen<\/h2>\n<table class=\"nascholing\">\n<tr>\n<th>Year<\/th>\n<th>Instituut<\/th>\n<th>Opleiding<\/th>\n<\/tr>\n<tr>\n<td>2015<\/td>\n<td>PAO Trois Vall\u00e9es<\/td>\n<td>Sjoerd Smeekens &#038; Hans van Pelt<br \/>\nPr\u00eat \u00e0 porter in Trois Vall\u00e9es!<br \/>\nProterisch Restauratieve \u00casthetisch Tandheelkunde<br \/>\n\u00e0 porter in Trois Vall\u00e9es<\/td>\n<\/tr>\n<tr>\n<td><\/td>\n<td>NVVRT Congres<\/td>\n<td>Prof. Dr. Markus B. Blatz &#038; Dr. Robert B. Kerstein<br \/>\nHoe hou je \u201cHET\u201d heel?<br \/>\nProterisch Ceramic Update in Esthetic Dentestry from A(adhesion) to Z(Ziconia). Occlusion and control overload of esthetic restorations \/ Digitalized force analysis and clinical application.<br \/>\n16 januari Amsterdam\n<\/td>\n<\/tr>\n<tr>\n<td>2014<\/td>\n<td>Nobel Biocare<\/td>\n<td>Advisory Board Meeting<\/td>\n<\/tr>\n<tr>\n<td>&nbsp;<\/td>\n<td>ITI<\/td>\n<td>ITI World Symposium 2014<\/td>\n<\/tr>\n<tr>\n<td>&nbsp;<\/td>\n<td>NMT<\/td>\n<td>NMT Jubileum congress<\/td>\n<\/tr>\n<tr>\n<td>&nbsp;<\/td>\n<td>NVOI<\/td>\n<td>Paradigm Shifts in Implant Dentistry<\/td>\n<\/tr>\n<tr>\n<td>&nbsp;<\/td>\n<td>EAO<\/td>\n<td>EAO Congress &#038; Scientific Meeting te Rome<\/td>\n<\/tr>\n<tr>\n<td>&nbsp;<\/td>\n<td>NVOI<\/td>\n<td>implantologie 2.0<\/td>\n<\/tr>\n<tr>\n<td>&nbsp;<\/td>\n<td>&nbsp;<\/td>\n<td>&nbsp;<\/td>\n<\/tr>\n<tr>\n<td>2013<\/td>\n<td>Medukatie<\/td>\n<td>Reanimatiecursus voor het gehele team<\/td>\n<\/tr>\n<tr>\n<td>&nbsp;<\/td>\n<td>Nobelbiocare<\/td>\n<td>E. Rompen \u2013 The succes of maintaining   peri-implant tissues<\/td>\n<\/tr>\n<tr>\n<td>&nbsp;<\/td>\n<td>NVT, NVMKA en VMTI<\/td>\n<td>Themaproject 2013 \u201cPati\u00ebnten en hun   pillen- the big four\u201d<\/td>\n<\/tr>\n<tr>\n<td>&nbsp;<\/td>\n<td>NMT Yearcongres<\/td>\n<td>Mondziekten<\/td>\n<\/tr>\n<tr>\n<td>&nbsp;<\/td>\n<td>Nobelbiocare<\/td>\n<td>Global symposium 2013 te New York<\/td>\n<\/tr>\n<tr>\n<td>&nbsp;<\/td>\n<td>IDEA<\/td>\n<td>Cursus Pascal &#038; Michel Magne \u2013   Predictable Aesthetics and Longevity with bonded Porcelain Restorations<\/td>\n<\/tr>\n<tr>\n<td>2012<\/td>\n<td>ACTA<\/td>\n<td>v.d. Stelt et al. \u2013 Cursus Conebeam CT en Stralingsdeskundige 4<\/td>\n<\/tr>\n<tr>\n<td>&nbsp;<\/td>\n<td>Medukatie<\/td>\n<td>Reanimatiecursus   voor het gehele team<\/td>\n<\/tr>\n<tr>\n<td>&nbsp;<\/td>\n<td>Medical University Vienna<\/td>\n<td>Prof. Dr. R. Ewers \u2013 Soft tissue management  on human specimens<\/td>\n<\/tr>\n<tr>\n<td>2011<\/td>\n<td>Osteology Foundation<\/td>\n<td>Buser et   al.- Clinical excellence, risk factors and complications in regenerative   dentistry<\/td>\n<\/tr>\n<tr>\n<td>&nbsp;<\/td>\n<td>Medukatie<\/td>\n<td>Reanimatiecursus voor het gehele team<\/td>\n<\/tr>\n<tr>\n<td>&nbsp;<\/td>\n<td>ICademy<\/td>\n<td>Joseph Kan \u2013 Predictable Anterior Implant Esthetics<\/td>\n<\/tr>\n<tr>\n<td>&nbsp;<\/td>\n<td>Mark Two Communications<\/td>\n<td>Infectiepreventie   en pati\u00ebntveiligheid in de tandartspraktijk (team)<\/td>\n<\/tr>\n<tr>\n<td>&nbsp;<\/td>\n<td>EAO<\/td>\n<td>20th Annual Meeting in Athens<\/td>\n<\/tr>\n<tr>\n<td>&nbsp;<\/td>\n<td>Medical University of Vienna<\/td>\n<td>Prof. Dr. R. Ewers -Anatomical dissection and grafting procedures on human specimens<\/td>\n<\/tr>\n<tr>\n<td>2010<\/td>\n<td>Nobelbiocare<\/td>\n<td>Global   symposium 2010 te New York<\/td>\n<\/tr>\n<tr>\n<td>&nbsp;<\/td>\n<td>Medukatie<\/td>\n<td>Reanimatiecursus voor het gehele team<\/td>\n<\/tr>\n<tr>\n<td>&nbsp;<\/td>\n<td>EAO<\/td>\n<td>19th Annual Meeting in Glasgow<\/td>\n<\/tr>\n<tr>\n<td>&nbsp;<\/td>\n<td>Nobelbiocare<\/td>\n<td>T. Staas \u2013   Immediate implanteren onvoorspelbaar of onvoorstelbaar?<\/td>\n<\/tr>\n<tr>\n<td>&nbsp;<\/td>\n<td>NVOI &#038; NVvP<\/td>\n<td>J. Lindhe, T. Mankoo, D. Bosshardt,   U. Belser, T. Berglundh -NaYearscongres ReRooted<\/td>\n<\/tr>\n<tr>\n<td>2009<\/td>\n<td>Implacademy<\/td>\n<td>Van der Schoor &#038; Soehardi \u2013 de   nieuwste Technologie in Botmanagement<\/td>\n<\/tr>\n<tr>\n<td>&nbsp;<\/td>\n<td>Nobelbiocare<\/td>\n<td>Egon Euwe \u2013 de   zwarte piste van de prothetiek<\/td>\n<\/tr>\n<tr>\n<td>&nbsp;<\/td>\n<td>Medukatie<\/td>\n<td>Reanimatiecursus voor het gehele team<\/td>\n<\/tr>\n<tr>\n<td>&nbsp;<\/td>\n<td>Dental Cruises<\/td>\n<td>B. van der Leij, Prof Dr AJ van   Winkelhoff &#038; E. Euwe \u2013 Peri-Orale Esthetiek<\/td>\n<\/tr>\n<tr>\n<td>&nbsp;<\/td>\n<td>Laboral<\/td>\n<td>A.J. van Winkelhoff &#038; E. Winkel \u2013   Jubileumcongres \u201cBugs in Concert IV\u201d<\/td>\n<\/tr>\n<tr>\n<td>&nbsp;<\/td>\n<td>Nobelbiocare<\/td>\n<td>T. Staas \u2013   training immediate replacement met NobelActive implantaten<\/td>\n<\/tr>\n<tr>\n<td>2008<\/td>\n<td>FADE<\/td>\n<td>Congres Krasnapolsky<\/td>\n<\/tr>\n<tr>\n<td>&nbsp;<\/td>\n<td>Nobelbiocare<\/td>\n<td>Training Mentorship Krasnapolsky te Amsterdam<\/td>\n<\/tr>\n<tr>\n<td>&nbsp;<\/td>\n<td>Nobelbiocare<\/td>\n<td>Training Mentorship Hilton te Amsterdam<\/td>\n<\/tr>\n<tr>\n<td>&nbsp;<\/td>\n<td>Kwaliteitsinstituut<\/td>\n<td>Visitatietraining en terugkomdag voor de NVOI<\/td>\n<\/tr>\n<tr>\n<td>&nbsp;<\/td>\n<td>PAOT<\/td>\n<td>Prof. Dr. Abraham-Inpijn- de medisch   gecompromitteerde pati\u00ebnt<\/td>\n<\/tr>\n<tr>\n<td>&nbsp;<\/td>\n<td>Medizon<\/td>\n<td>Merkestein-Cardio   Rescue (Basic Life Support met AED) \u2013 hele team<\/td>\n<\/tr>\n<tr>\n<td>&nbsp;<\/td>\n<td>Nobelbiocare<\/td>\n<td>World Tour   2008 MECC Maastricht<\/td>\n<\/tr>\n<tr>\n<td>2007<\/td>\n<td>Kwaliteitsinstituut<\/td>\n<td>Visitatietraining   voor de NVOI te Utrecht<\/td>\n<\/tr>\n<tr>\n<td>&nbsp;<\/td>\n<td>NVOI<\/td>\n<td>Congres The Third Dimension te Amsterdam<\/td>\n<\/tr>\n<tr>\n<td>&nbsp;<\/td>\n<td>EAO<\/td>\n<td>16th Annual Scientific Congress te Barcelona<\/td>\n<\/tr>\n<tr>\n<td>&nbsp;<\/td>\n<td>Nobelbiocare<\/td>\n<td>World   Conference 2007 te Las Vegas<\/td>\n<\/tr>\n<tr>\n<td>&nbsp;<\/td>\n<td>Nobelbiocare<\/td>\n<td>Paolo Mal\u00f3   DDS \u2013 All-On-4 Advanced Clinical course<\/td>\n<\/tr>\n<tr>\n<td>2006<\/td>\n<td>3i Implant Innovations<\/td>\n<td>Lazzara DMD MScD \u2013 3i Research and Technology Forum te Nice<\/td>\n<\/tr>\n<tr>\n<td>&nbsp;<\/td>\n<td>3i International Extpert Program<\/td>\n<td>Dr. Ueli   Grunder \u2013 The time is now for Implant Aesthetics (Londen)<\/td>\n<\/tr>\n<tr>\n<td>&nbsp;<\/td>\n<td>Nobelbiocare<\/td>\n<td>Euwe, Polder   &#038; Versteegh \u2013 Master Class in Implangology: Challenging Esthetics<\/td>\n<\/tr>\n<tr>\n<td>&nbsp;<\/td>\n<td>Nobelbiocare<\/td>\n<td>Paolo Mal\u00f3   DDS \u2013 All-On-4 Clinical Course<\/td>\n<\/tr>\n<tr>\n<td>&nbsp;<\/td>\n<td>Nobelbiocare<\/td>\n<td>World Tour 2006 MECC Maastricht<\/td>\n<\/tr>\n<tr>\n<td>2005<\/td>\n<td>EAO Congres<\/td>\n<td>14th Annual Scientific Congress te M\u00fcnchen<\/td>\n<\/tr>\n<tr>\n<td>2004<\/td>\n<td>Osteology Foudation<\/td>\n<td>H\u00e4mmerle &#038; Buser  \u2013 Osteology Symposium Luzern<\/td>\n<\/tr>\n<tr>\n<td>&nbsp;<\/td>\n<td>3i International Extpert Program<\/td>\n<td>Dr. Ueli   Grunder \u2013 The time is now for Implant Aesthetics (Londen)<\/td>\n<\/tr>\n<tr>\n<td>&nbsp;<\/td>\n<td>3i Implant Innovations<\/td>\n<td>Lazzara DMD MScD \u2013 Sinus Graft Forum te Miami<\/td>\n<\/tr>\n<tr>\n<td>&nbsp;<\/td>\n<td>3i Implant Innovations<\/td>\n<td>Lazzara DMD   MScD \u2013 3i Research and Technology Forum te Miami<\/td>\n<\/tr>\n<tr>\n<td>&nbsp;<\/td>\n<td>Stichting Intercongress<\/td>\n<td>Ranzijn, Groenendijk, Eysink Smeets,   Goen\u00e9 \u2013 40e Internationale Tandheelkundig congres te Cuba<\/td>\n<\/tr>\n<tr>\n<td>2001<\/td>\n<td>NobelBiocare<\/td>\n<td>Yorba Linda,   California: Advanced Esthetic Concepts in Implant Dentistry<\/td>\n<\/tr>\n<tr>\n<td>&nbsp;<\/td>\n<td>NVOI<\/td>\n<td>Kokich \u2013   Interdisciplinary Management<\/td>\n<\/tr>\n<tr>\n<td>&nbsp;<\/td>\n<td>Medukatie<\/td>\n<td>Reanimatie voor Tandheelkundige   Praktijken<\/td>\n<\/tr>\n<tr>\n<td>2000<\/td>\n<td>EAO<\/td>\n<td>9th Annual   Scientific Congress te Amsterdam<\/td>\n<\/tr>\n<tr>\n<td>&nbsp;<\/td>\n<td>Nobelbiocare<\/td>\n<td>Teamday   G\u00f6teborg<\/td>\n<\/tr>\n<tr>\n<td>&nbsp;<\/td>\n<td>NVOI<\/td>\n<td>2e landelijke studiedag<\/td>\n<\/tr>\n<tr>\n<td>&nbsp;<\/td>\n<td>FADE<\/td>\n<td>S. Jovanovic \u2013 Advances 2000<\/td>\n<\/tr>\n<tr>\n<td>1999<\/td>\n<td>EAO<\/td>\n<td>8th Annual   Scientific Congress te Kopenhagen<\/td>\n<\/tr>\n<tr>\n<td>&nbsp;<\/td>\n<td>NVOI naYearscongres<\/td>\n<td>Tarnow \u2013 Controverses and Innovations in Implant Dentistry<\/td>\n<\/tr>\n<tr>\n<td>&nbsp;<\/td>\n<td>NVOI themadag<\/td>\n<td>H\u00fcrzeler-Botaugmentaties in de orale   implantologie<\/td>\n<\/tr>\n<tr>\n<td>&nbsp;<\/td>\n<td>NVOI<\/td>\n<td>L.  Cooper &#038; T. Berglundh \u2013 Hard and soft   tissue management<\/td>\n<\/tr>\n<tr>\n<td>&nbsp;<\/td>\n<td>FADE<\/td>\n<td>S. Jovanovic   \u2013 International Symposium Long Term Results<\/td>\n<\/tr>\n<tr>\n<td>&nbsp;<\/td>\n<td>FADE<\/td>\n<td>S. Jovanovic   \u2013 Live surgery \u201899<\/td>\n<\/tr>\n<tr>\n<td>&nbsp;<\/td>\n<td>Frankfurter Implantologie Tage<\/td>\n<td>\u201cRestitutio   ad integrum\u201d- Symposium zum thema knochen regeneration mit Cerasorb\u00ae<\/td>\n<\/tr>\n<tr>\n<td>1998<\/td>\n<td>NVOI<\/td>\n<td>15 jarig jubileumcongres \u201cZeker en   Vast\u201d<\/td>\n<\/tr>\n<tr>\n<td>&nbsp;<\/td>\n<td>ICOI World Congress XVIII<\/td>\n<td>Beyond implants<\/td>\n<\/tr>\n<tr>\n<td>&nbsp;<\/td>\n<td>University of Berne &#038; Milano<\/td>\n<td>Osteology in   Venice<\/td>\n<\/tr>\n<tr>\n<td>&nbsp;<\/td>\n<td>NVOI\/ITI<\/td>\n<td>9th Dutch   ITI Congress<\/td>\n<\/tr>\n<tr>\n<td>1997<\/td>\n<td>ITI<\/td>\n<td>8e Nederlandse ITI   Symposium<\/td>\n<\/tr>\n<tr>\n<td>&nbsp;<\/td>\n<td>Dr. G. de Lange<\/td>\n<td>Kronen en   bruggen op implantaten: van planning tot plaatsing<\/td>\n<\/tr>\n<tr>\n<td>&nbsp;<\/td>\n<td>PAOT<\/td>\n<td>Hosman &#038; vd Avoort \u2013 functieherstel bij de parodontaal   gecompromitteerde pati\u00ebnt<\/td>\n<\/tr>\n<tr>\n<td>&nbsp;<\/td>\n<td>PAOT<\/td>\n<td>Hovius &#038; Moorer \u2013 Hygi\u00ebne in de   praktijk<\/td>\n<\/tr>\n<tr>\n<td>1996<\/td>\n<td>ITI<\/td>\n<td>7e Nederlandse ITI   Symposium<\/td>\n<\/tr>\n<tr>\n<td>&nbsp;<\/td>\n<td>Dr. J.H. van Os<\/td>\n<td>Meer-weekse   cursus De Volledige Prothese<\/td>\n<\/tr>\n<tr>\n<td>1995<\/td>\n<td>Dental Center for Postgraduate courses<\/td>\n<td>Pameijer&#038;   Burgers \u2013 Uitgebreide Restauratieve Behandelingen<\/td>\n<\/tr>\n<tr>\n<td>&nbsp;<\/td>\n<td>Dental Center for Postgraduate courses<\/td>\n<td>Pameijer&#038; Burgers \u2013 An update in diagnosis and treatment in daily   practice<\/td>\n<\/tr>\n<tr>\n<td>&nbsp;<\/td>\n<td>ITI<\/td>\n<td>6e Nederlandse ITI Symposium<\/td>\n<\/tr>\n<tr>\n<td>&nbsp;<\/td>\n<td>ITI<\/td>\n<td>D. Wismeijer \u2013 Suprastructuren<\/td>\n<\/tr>\n<tr>\n<td>1994<\/td>\n<td>Br\u00e5nemark System\u00ae<\/td>\n<td>Goen\u00e9 &#038; Keizer \u2013 Prothetische Basiscursus van het Br\u00e5nemark System\u00ae<\/td>\n<\/tr>\n<tr>\n<td>&nbsp;<\/td>\n<td>Straumann\/ITI<\/td>\n<td>Dr. C.M. Ten Bruggenkate \u2013 5e   Nederlandse ITI Symposium: Brugconstructies op ITI implantaten<\/td>\n<\/tr>\n<tr>\n<td>1991<\/td>\n<td>NVVE<\/td>\n<td>A.L. Frank \u2013   The ever-changing concepts in EndodonticPractice<\/td>\n<\/tr>\n<\/table>\n","protected":false},"excerpt":{"rendered":"<p>Een overzicht van opleidingen, diploma&#8217;s en certiificaten.<\/p>\n","protected":false},"author":1,"featured_media":310,"parent":303,"menu_order":3,"comment_status":"closed","ping_status":"closed","template":"","meta":{"footnotes":""},"class_list":{"0":"post-312","1":"page","2":"type-page","3":"status-publish","4":"has-post-thumbnail","6":"resize-featured-image"},"yoast_head":"<!-- This site is optimized with the Yoast SEO plugin v27.5 - https:\/\/yoast.com\/product\/yoast-seo-wordpress\/ -->\n<title>Training and further education - Implantologie Den Haag<\/title>\n<meta name=\"robots\" content=\"index, follow, max-snippet:-1, max-image-preview:large, max-video-preview:-1\" \/>\n<link rel=\"canonical\" href=\"https:\/\/implantologiedenhaag.nl\/over-ons\/implantoloog-edith-groenendijk\/opleiding-en-nascholing\/\" \/>\n<meta property=\"og:locale\" content=\"en_US\" \/>\n<meta property=\"og:type\" content=\"article\" \/>\n<meta property=\"og:title\" content=\"Training and further education - Implantologie Den Haag\" \/>\n<meta property=\"og:description\" content=\"Een overzicht van opleidingen, diploma&#039;s en certiificaten.\" \/>\n<meta property=\"og:url\" content=\"https:\/\/implantologiedenhaag.nl\/over-ons\/implantoloog-edith-groenendijk\/opleiding-en-nascholing\/\" \/>\n<meta property=\"og:site_name\" content=\"Implantologie Den Haag\" \/>\n<meta property=\"article:modified_time\" content=\"2017-08-30T08:05:27+00:00\" \/>\n<meta property=\"og:image\" content=\"https:\/\/implantologiedenhaag.nl\/wp-content\/uploads\/2017\/05\/feat-edith-lezingen.jpg\" \/>\n\t<meta property=\"og:image:width\" content=\"1300\" \/>\n\t<meta property=\"og:image:height\" content=\"866\" \/>\n\t<meta property=\"og:image:type\" content=\"image\/jpeg\" \/>\n<meta name=\"twitter:card\" content=\"summary_large_image\" \/>\n<meta name=\"twitter:label1\" content=\"Est. reading time\" \/>\n\t<meta name=\"twitter:data1\" content=\"4 minutes\" \/>\n<script type=\"application\/ld+json\" class=\"yoast-schema-graph\">{\"@context\":\"https:\\\/\\\/schema.org\",\"@graph\":[{\"@type\":\"WebPage\",\"@id\":\"https:\\\/\\\/implantologiedenhaag.nl\\\/over-ons\\\/implantoloog-edith-groenendijk\\\/opleiding-en-nascholing\\\/\",\"url\":\"https:\\\/\\\/implantologiedenhaag.nl\\\/over-ons\\\/implantoloog-edith-groenendijk\\\/opleiding-en-nascholing\\\/\",\"name\":\"Training and further education - Implantologie Den Haag\",\"isPartOf\":{\"@id\":\"https:\\\/\\\/implantologiedenhaag.nl\\\/#website\"},\"primaryImageOfPage\":{\"@id\":\"https:\\\/\\\/implantologiedenhaag.nl\\\/over-ons\\\/implantoloog-edith-groenendijk\\\/opleiding-en-nascholing\\\/#primaryimage\"},\"image\":{\"@id\":\"https:\\\/\\\/implantologiedenhaag.nl\\\/over-ons\\\/implantoloog-edith-groenendijk\\\/opleiding-en-nascholing\\\/#primaryimage\"},\"thumbnailUrl\":\"https:\\\/\\\/implantologiedenhaag.nl\\\/wp-content\\\/uploads\\\/2017\\\/05\\\/feat-edith-lezingen.jpg\",\"datePublished\":\"2017-08-30T07:38:00+00:00\",\"dateModified\":\"2017-08-30T08:05:27+00:00\",\"breadcrumb\":{\"@id\":\"https:\\\/\\\/implantologiedenhaag.nl\\\/over-ons\\\/implantoloog-edith-groenendijk\\\/opleiding-en-nascholing\\\/#breadcrumb\"},\"inLanguage\":\"en-US\",\"potentialAction\":[{\"@type\":\"ReadAction\",\"target\":[\"https:\\\/\\\/implantologiedenhaag.nl\\\/over-ons\\\/implantoloog-edith-groenendijk\\\/opleiding-en-nascholing\\\/\"]}]},{\"@type\":\"ImageObject\",\"inLanguage\":\"en-US\",\"@id\":\"https:\\\/\\\/implantologiedenhaag.nl\\\/over-ons\\\/implantoloog-edith-groenendijk\\\/opleiding-en-nascholing\\\/#primaryimage\",\"url\":\"https:\\\/\\\/implantologiedenhaag.nl\\\/wp-content\\\/uploads\\\/2017\\\/05\\\/feat-edith-lezingen.jpg\",\"contentUrl\":\"https:\\\/\\\/implantologiedenhaag.nl\\\/wp-content\\\/uploads\\\/2017\\\/05\\\/feat-edith-lezingen.jpg\",\"width\":1300,\"height\":866},{\"@type\":\"BreadcrumbList\",\"@id\":\"https:\\\/\\\/implantologiedenhaag.nl\\\/over-ons\\\/implantoloog-edith-groenendijk\\\/opleiding-en-nascholing\\\/#breadcrumb\",\"itemListElement\":[{\"@type\":\"ListItem\",\"position\":1,\"name\":\"Home\",\"item\":\"https:\\\/\\\/implantologiedenhaag.nl\\\/\"},{\"@type\":\"ListItem\",\"position\":2,\"name\":\"About us\",\"item\":\"https:\\\/\\\/implantologiedenhaag.nl\\\/over-ons\\\/\"},{\"@type\":\"ListItem\",\"position\":3,\"name\":\"Implantologist Edith Groenendijk\",\"item\":\"https:\\\/\\\/implantologiedenhaag.nl\\\/over-ons\\\/implantoloog-edith-groenendijk\\\/\"},{\"@type\":\"ListItem\",\"position\":4,\"name\":\"Training and further education\"}]},{\"@type\":\"WebSite\",\"@id\":\"https:\\\/\\\/implantologiedenhaag.nl\\\/#website\",\"url\":\"https:\\\/\\\/implantologiedenhaag.nl\\\/\",\"name\":\"Implantologie Den Haag\",\"description\":\"Implantologie Den Haag | TEK Groenendijk \",\"publisher\":{\"@id\":\"https:\\\/\\\/implantologiedenhaag.nl\\\/#organization\"},\"potentialAction\":[{\"@type\":\"SearchAction\",\"target\":{\"@type\":\"EntryPoint\",\"urlTemplate\":\"https:\\\/\\\/implantologiedenhaag.nl\\\/?s={search_term_string}\"},\"query-input\":{\"@type\":\"PropertyValueSpecification\",\"valueRequired\":true,\"valueName\":\"search_term_string\"}}],\"inLanguage\":\"en-US\"},{\"@type\":\"Organization\",\"@id\":\"https:\\\/\\\/implantologiedenhaag.nl\\\/#organization\",\"name\":\"Implantologie Den Haag\",\"url\":\"https:\\\/\\\/implantologiedenhaag.nl\\\/\",\"logo\":{\"@type\":\"ImageObject\",\"inLanguage\":\"en-US\",\"@id\":\"https:\\\/\\\/implantologiedenhaag.nl\\\/#\\\/schema\\\/logo\\\/image\\\/\",\"url\":\"https:\\\/\\\/implantologiedenhaag.nl\\\/wp-content\\\/uploads\\\/2025\\\/11\\\/logo.png\",\"contentUrl\":\"https:\\\/\\\/implantologiedenhaag.nl\\\/wp-content\\\/uploads\\\/2025\\\/11\\\/logo.png\",\"width\":400,\"height\":100,\"caption\":\"Implantologie Den Haag\"},\"image\":{\"@id\":\"https:\\\/\\\/implantologiedenhaag.nl\\\/#\\\/schema\\\/logo\\\/image\\\/\"}}]}<\/script>\n<!-- \/ Yoast SEO plugin. -->","yoast_head_json":{"title":"Training and further education - Implantologie Den Haag","robots":{"index":"index","follow":"follow","max-snippet":"max-snippet:-1","max-image-preview":"max-image-preview:large","max-video-preview":"max-video-preview:-1"},"canonical":"https:\/\/implantologiedenhaag.nl\/over-ons\/implantoloog-edith-groenendijk\/opleiding-en-nascholing\/","og_locale":"en_US","og_type":"article","og_title":"Training and further education - Implantologie Den Haag","og_description":"Een overzicht van opleidingen, diploma's en certiificaten.","og_url":"https:\/\/implantologiedenhaag.nl\/over-ons\/implantoloog-edith-groenendijk\/opleiding-en-nascholing\/","og_site_name":"Implantologie Den Haag","article_modified_time":"2017-08-30T08:05:27+00:00","og_image":[{"width":1300,"height":866,"url":"https:\/\/implantologiedenhaag.nl\/wp-content\/uploads\/2017\/05\/feat-edith-lezingen.jpg","type":"image\/jpeg"}],"twitter_card":"summary_large_image","twitter_misc":{"Est. reading time":"4 minutes"},"schema":{"@context":"https:\/\/schema.org","@graph":[{"@type":"WebPage","@id":"https:\/\/implantologiedenhaag.nl\/over-ons\/implantoloog-edith-groenendijk\/opleiding-en-nascholing\/","url":"https:\/\/implantologiedenhaag.nl\/over-ons\/implantoloog-edith-groenendijk\/opleiding-en-nascholing\/","name":"Training and further education - Implantologie Den Haag","isPartOf":{"@id":"https:\/\/implantologiedenhaag.nl\/#website"},"primaryImageOfPage":{"@id":"https:\/\/implantologiedenhaag.nl\/over-ons\/implantoloog-edith-groenendijk\/opleiding-en-nascholing\/#primaryimage"},"image":{"@id":"https:\/\/implantologiedenhaag.nl\/over-ons\/implantoloog-edith-groenendijk\/opleiding-en-nascholing\/#primaryimage"},"thumbnailUrl":"https:\/\/implantologiedenhaag.nl\/wp-content\/uploads\/2017\/05\/feat-edith-lezingen.jpg","datePublished":"2017-08-30T07:38:00+00:00","dateModified":"2017-08-30T08:05:27+00:00","breadcrumb":{"@id":"https:\/\/implantologiedenhaag.nl\/over-ons\/implantoloog-edith-groenendijk\/opleiding-en-nascholing\/#breadcrumb"},"inLanguage":"en-US","potentialAction":[{"@type":"ReadAction","target":["https:\/\/implantologiedenhaag.nl\/over-ons\/implantoloog-edith-groenendijk\/opleiding-en-nascholing\/"]}]},{"@type":"ImageObject","inLanguage":"en-US","@id":"https:\/\/implantologiedenhaag.nl\/over-ons\/implantoloog-edith-groenendijk\/opleiding-en-nascholing\/#primaryimage","url":"https:\/\/implantologiedenhaag.nl\/wp-content\/uploads\/2017\/05\/feat-edith-lezingen.jpg","contentUrl":"https:\/\/implantologiedenhaag.nl\/wp-content\/uploads\/2017\/05\/feat-edith-lezingen.jpg","width":1300,"height":866},{"@type":"BreadcrumbList","@id":"https:\/\/implantologiedenhaag.nl\/over-ons\/implantoloog-edith-groenendijk\/opleiding-en-nascholing\/#breadcrumb","itemListElement":[{"@type":"ListItem","position":1,"name":"Home","item":"https:\/\/implantologiedenhaag.nl\/"},{"@type":"ListItem","position":2,"name":"About us","item":"https:\/\/implantologiedenhaag.nl\/over-ons\/"},{"@type":"ListItem","position":3,"name":"Implantologist Edith Groenendijk","item":"https:\/\/implantologiedenhaag.nl\/over-ons\/implantoloog-edith-groenendijk\/"},{"@type":"ListItem","position":4,"name":"Training and further education"}]},{"@type":"WebSite","@id":"https:\/\/implantologiedenhaag.nl\/#website","url":"https:\/\/implantologiedenhaag.nl\/","name":"Implantologie Den Haag","description":"Implantologie Den Haag | TEK Groenendijk ","publisher":{"@id":"https:\/\/implantologiedenhaag.nl\/#organization"},"potentialAction":[{"@type":"SearchAction","target":{"@type":"EntryPoint","urlTemplate":"https:\/\/implantologiedenhaag.nl\/?s={search_term_string}"},"query-input":{"@type":"PropertyValueSpecification","valueRequired":true,"valueName":"search_term_string"}}],"inLanguage":"en-US"},{"@type":"Organization","@id":"https:\/\/implantologiedenhaag.nl\/#organization","name":"Implantologie Den Haag","url":"https:\/\/implantologiedenhaag.nl\/","logo":{"@type":"ImageObject","inLanguage":"en-US","@id":"https:\/\/implantologiedenhaag.nl\/#\/schema\/logo\/image\/","url":"https:\/\/implantologiedenhaag.nl\/wp-content\/uploads\/2025\/11\/logo.png","contentUrl":"https:\/\/implantologiedenhaag.nl\/wp-content\/uploads\/2025\/11\/logo.png","width":400,"height":100,"caption":"Implantologie Den Haag"},"image":{"@id":"https:\/\/implantologiedenhaag.nl\/#\/schema\/logo\/image\/"}}]}},"_links":{"self":[{"href":"https:\/\/implantologiedenhaag.nl\/en\/wp-json\/wp\/v2\/pages\/312","targetHints":{"allow":["GET"]}}],"collection":[{"href":"https:\/\/implantologiedenhaag.nl\/en\/wp-json\/wp\/v2\/pages"}],"about":[{"href":"https:\/\/implantologiedenhaag.nl\/en\/wp-json\/wp\/v2\/types\/page"}],"author":[{"embeddable":true,"href":"https:\/\/implantologiedenhaag.nl\/en\/wp-json\/wp\/v2\/users\/1"}],"replies":[{"embeddable":true,"href":"https:\/\/implantologiedenhaag.nl\/en\/wp-json\/wp\/v2\/comments?post=312"}],"version-history":[{"count":0,"href":"https:\/\/implantologiedenhaag.nl\/en\/wp-json\/wp\/v2\/pages\/312\/revisions"}],"up":[{"embeddable":true,"href":"https:\/\/implantologiedenhaag.nl\/en\/wp-json\/wp\/v2\/pages\/303"}],"wp:featuredmedia":[{"embeddable":true,"href":"https:\/\/implantologiedenhaag.nl\/en\/wp-json\/wp\/v2\/media\/310"}],"wp:attachment":[{"href":"https:\/\/implantologiedenhaag.nl\/en\/wp-json\/wp\/v2\/media?parent=312"}],"curies":[{"name":"wp","href":"https:\/\/api.w.org\/{rel}","templated":true}]}}