{"id":271,"date":"2017-08-30T09:25:45","date_gmt":"2017-08-30T07:25:45","guid":{"rendered":"http:\/\/185.63.153.211\/~funky\/implantologie\/?page_id=271"},"modified":"2017-08-30T13:25:46","modified_gmt":"2017-08-30T11:25:46","slug":"mogelijkheden-tot-verwijzing","status":"publish","type":"page","link":"https:\/\/implantologiedenhaag.nl\/en\/specialists\/mogelijkheden-tot-verwijzing\/","title":{"rendered":"Mogelijkheden tot verwijzing (EN)"},"content":{"rendered":"<p>Implantologie Den Haag \/ TEK Groenendijk heeft\u00a0al vanaf 2001 een prettige en langdurige\u00a0samenwerking met vele\u00a0collegae uit de regio. Daarbij valt naast het uitvoeren van (deel)behandelingen te denken aan praktijkondersteuning in de\u00a0vorm van diagnostiek, prognosebepaling, ondersteuning bij het maken van de suprastructuren op implantaten, nazorg\u00a0en complicatiemanagement\u00a0in de vorm van cursussen.<\/p>\n<h2>U kunt naar ons verwijzen voor<\/h2>\n<ul>\n<li>het laten maken van OPG (2D) of CT scans (3D)<\/li>\n<li>parodontale behandeling<\/li>\n<li>implantologische behandeling<\/li>\n<li>restauratieve behandeling<\/li>\n<\/ul>\n<h2>Stappenplan verwijzingen<\/h2>\n<h3>Implantologie \/ Parodontologie \/ Restauratieve Tandheelkunde<\/h3>\n<p>De behandelingen verlopen altijd volgens een vast stappenplan. Het stappenplan kent\u00a0 vier onderdelen die in onderstaande tekst worden toegelicht.<\/p>\n<ol>\n<li>Intake consult<\/li>\n<li>Opstellen en bespreken van een behandelplan<\/li>\n<li>Behandeling<\/li>\n<li>Afbehandeling en nazorg<\/li>\n<\/ol>\n<h3>1. Onze intake: het informatieconsult<\/h3>\n<p>Pati\u00ebnten kunnen naar aanleiding van uw verwijzing een afspraak maken voor een\u00a0informatieconsult. Zij krijgen vervolgens een afspraakbevestiging en een gezondheidsvragenlijst. Tijdens het informatieconsult nemen wij de anamnese af en aan de hand van intra-oraal en r\u00f6ntgenologisch onderzoek wordt het probleem geanalyseerd. De behandelmogelijkheden en kosten worden met de pati\u00ebnt besproken.<\/p>\n<h3>2. Opstellen van een behandelplan<\/h3>\n<p>Soms is direct duidelijk wat de behandeling zal zijn, maar vaak zijn er ook verschillende mogelijkheden waarover de pati\u00ebnt kan nadenken. Naar aanleiding van het informatieconsult ontvangen de verwijzend tandarts en de pati\u00ebnt een verslag van de bevindingen en \u00e9\u00e9n of meer behandelvoorstellen. De pati\u00ebnt ontvangt tevens een kostenspecificatie van de voorgenomen behandeling. Bij de volgende afspraak wordt het behandelplan definitief vastgesteld en treffen wij voorbereidende maatregelen voor de eerste behandeling (afdrukken, receptuur, en dergelijke).<\/p>\n<h3>3. De behandeling<\/h3>\n<p>Vervolgens vindt er:<\/p>\n<ul>\n<li>parodontale<\/li>\n<li>implantologische<\/li>\n<\/ul>\n<p>restauratieve behandeling plaats<\/p>\n<h3>4. Afbehandeling en nazorg<\/h3>\n<p>Als de behandeling voltooid is, maken wij controlefoto&#8217;s en wordt de pati\u00ebnt terugverwezen naar de eigen tandarts, die tevens een verslag van de behandeling ontvangt. Nazorg wordt verleend conform de protocollen van de NVOI voor de implantologische en restauratieve \u00a0behandelingen en volgens de NvVP voor parodontale behandelingen. Implantologisch behandelde pati\u00ebnten zonder mondhygi\u00ebniste blijven onder 3 maandelijkse controle. De verdere controles zijn op geleide van de bevindingen.<\/p>\n","protected":false},"excerpt":{"rendered":"<p>We have had a pleasant and long-term cooperation with many colleagues from the region since 2001.<\/p>\n","protected":false},"author":1,"featured_media":1479,"parent":269,"menu_order":0,"comment_status":"closed","ping_status":"closed","template":"","meta":{"footnotes":""},"class_list":{"0":"post-271","1":"page","2":"type-page","3":"status-publish","4":"has-post-thumbnail","6":"resize-featured-image"},"yoast_head":"<!-- This site is optimized with the Yoast SEO plugin v27.4 - https:\/\/yoast.com\/product\/yoast-seo-wordpress\/ -->\n<title>Mogelijkheden tot verwijzing (EN) - Implantologie Den Haag<\/title>\n<meta name=\"robots\" content=\"index, follow, max-snippet:-1, max-image-preview:large, max-video-preview:-1\" \/>\n<link rel=\"canonical\" href=\"https:\/\/implantologiedenhaag.nl\/voor-verwijzers\/mogelijkheden-tot-verwijzing\/\" \/>\n<meta property=\"og:locale\" content=\"en_US\" \/>\n<meta property=\"og:type\" content=\"article\" \/>\n<meta property=\"og:title\" content=\"Mogelijkheden tot verwijzing (EN) - Implantologie Den Haag\" \/>\n<meta property=\"og:description\" content=\"We have had a pleasant and long-term cooperation with many colleagues from the region since 2001.\" \/>\n<meta property=\"og:url\" content=\"https:\/\/implantologiedenhaag.nl\/voor-verwijzers\/mogelijkheden-tot-verwijzing\/\" \/>\n<meta property=\"og:site_name\" content=\"Implantologie Den Haag\" \/>\n<meta property=\"article:modified_time\" content=\"2017-08-30T11:25:46+00:00\" \/>\n<meta property=\"og:image\" content=\"https:\/\/implantologiedenhaag.nl\/wp-content\/uploads\/2017\/05\/feat-verwijzers1.jpg\" \/>\n\t<meta property=\"og:image:width\" content=\"1300\" \/>\n\t<meta property=\"og:image:height\" content=\"866\" \/>\n\t<meta property=\"og:image:type\" content=\"image\/jpeg\" \/>\n<meta name=\"twitter:card\" content=\"summary_large_image\" \/>\n<meta name=\"twitter:label1\" content=\"Est. reading time\" \/>\n\t<meta name=\"twitter:data1\" content=\"2 minutes\" \/>\n<script type=\"application\/ld+json\" class=\"yoast-schema-graph\">{\"@context\":\"https:\\\/\\\/schema.org\",\"@graph\":[{\"@type\":\"WebPage\",\"@id\":\"https:\\\/\\\/implantologiedenhaag.nl\\\/voor-verwijzers\\\/mogelijkheden-tot-verwijzing\\\/\",\"url\":\"https:\\\/\\\/implantologiedenhaag.nl\\\/voor-verwijzers\\\/mogelijkheden-tot-verwijzing\\\/\",\"name\":\"Mogelijkheden tot verwijzing (EN) - Implantologie Den Haag\",\"isPartOf\":{\"@id\":\"https:\\\/\\\/implantologiedenhaag.nl\\\/#website\"},\"primaryImageOfPage\":{\"@id\":\"https:\\\/\\\/implantologiedenhaag.nl\\\/voor-verwijzers\\\/mogelijkheden-tot-verwijzing\\\/#primaryimage\"},\"image\":{\"@id\":\"https:\\\/\\\/implantologiedenhaag.nl\\\/voor-verwijzers\\\/mogelijkheden-tot-verwijzing\\\/#primaryimage\"},\"thumbnailUrl\":\"https:\\\/\\\/implantologiedenhaag.nl\\\/wp-content\\\/uploads\\\/2025\\\/11\\\/2025-verwijzer.jpg\",\"datePublished\":\"2017-08-30T07:25:45+00:00\",\"dateModified\":\"2017-08-30T11:25:46+00:00\",\"breadcrumb\":{\"@id\":\"https:\\\/\\\/implantologiedenhaag.nl\\\/voor-verwijzers\\\/mogelijkheden-tot-verwijzing\\\/#breadcrumb\"},\"inLanguage\":\"en-US\",\"potentialAction\":[{\"@type\":\"ReadAction\",\"target\":[\"https:\\\/\\\/implantologiedenhaag.nl\\\/voor-verwijzers\\\/mogelijkheden-tot-verwijzing\\\/\"]}]},{\"@type\":\"ImageObject\",\"inLanguage\":\"en-US\",\"@id\":\"https:\\\/\\\/implantologiedenhaag.nl\\\/voor-verwijzers\\\/mogelijkheden-tot-verwijzing\\\/#primaryimage\",\"url\":\"https:\\\/\\\/implantologiedenhaag.nl\\\/wp-content\\\/uploads\\\/2025\\\/11\\\/2025-verwijzer.jpg\",\"contentUrl\":\"https:\\\/\\\/implantologiedenhaag.nl\\\/wp-content\\\/uploads\\\/2025\\\/11\\\/2025-verwijzer.jpg\",\"width\":1500,\"height\":1001},{\"@type\":\"BreadcrumbList\",\"@id\":\"https:\\\/\\\/implantologiedenhaag.nl\\\/voor-verwijzers\\\/mogelijkheden-tot-verwijzing\\\/#breadcrumb\",\"itemListElement\":[{\"@type\":\"ListItem\",\"position\":1,\"name\":\"Home\",\"item\":\"https:\\\/\\\/implantologiedenhaag.nl\\\/\"},{\"@type\":\"ListItem\",\"position\":2,\"name\":\"Specialists\",\"item\":\"https:\\\/\\\/implantologiedenhaag.nl\\\/voor-verwijzers\\\/\"},{\"@type\":\"ListItem\",\"position\":3,\"name\":\"Mogelijkheden tot verwijzing (EN)\"}]},{\"@type\":\"WebSite\",\"@id\":\"https:\\\/\\\/implantologiedenhaag.nl\\\/#website\",\"url\":\"https:\\\/\\\/implantologiedenhaag.nl\\\/\",\"name\":\"Implantologie Den Haag\",\"description\":\"Implantologie Den Haag | TEK Groenendijk \",\"publisher\":{\"@id\":\"https:\\\/\\\/implantologiedenhaag.nl\\\/#organization\"},\"potentialAction\":[{\"@type\":\"SearchAction\",\"target\":{\"@type\":\"EntryPoint\",\"urlTemplate\":\"https:\\\/\\\/implantologiedenhaag.nl\\\/?s={search_term_string}\"},\"query-input\":{\"@type\":\"PropertyValueSpecification\",\"valueRequired\":true,\"valueName\":\"search_term_string\"}}],\"inLanguage\":\"en-US\"},{\"@type\":\"Organization\",\"@id\":\"https:\\\/\\\/implantologiedenhaag.nl\\\/#organization\",\"name\":\"Implantologie Den Haag\",\"url\":\"https:\\\/\\\/implantologiedenhaag.nl\\\/\",\"logo\":{\"@type\":\"ImageObject\",\"inLanguage\":\"en-US\",\"@id\":\"https:\\\/\\\/implantologiedenhaag.nl\\\/#\\\/schema\\\/logo\\\/image\\\/\",\"url\":\"https:\\\/\\\/implantologiedenhaag.nl\\\/wp-content\\\/uploads\\\/2025\\\/11\\\/logo.png\",\"contentUrl\":\"https:\\\/\\\/implantologiedenhaag.nl\\\/wp-content\\\/uploads\\\/2025\\\/11\\\/logo.png\",\"width\":400,\"height\":100,\"caption\":\"Implantologie Den Haag\"},\"image\":{\"@id\":\"https:\\\/\\\/implantologiedenhaag.nl\\\/#\\\/schema\\\/logo\\\/image\\\/\"}}]}<\/script>\n<!-- \/ Yoast SEO plugin. -->","yoast_head_json":{"title":"Mogelijkheden tot verwijzing (EN) - Implantologie Den Haag","robots":{"index":"index","follow":"follow","max-snippet":"max-snippet:-1","max-image-preview":"max-image-preview:large","max-video-preview":"max-video-preview:-1"},"canonical":"https:\/\/implantologiedenhaag.nl\/voor-verwijzers\/mogelijkheden-tot-verwijzing\/","og_locale":"en_US","og_type":"article","og_title":"Mogelijkheden tot verwijzing (EN) - Implantologie Den Haag","og_description":"We have had a pleasant and long-term cooperation with many colleagues from the region since 2001.","og_url":"https:\/\/implantologiedenhaag.nl\/voor-verwijzers\/mogelijkheden-tot-verwijzing\/","og_site_name":"Implantologie Den Haag","article_modified_time":"2017-08-30T11:25:46+00:00","og_image":[{"width":1300,"height":866,"url":"https:\/\/implantologiedenhaag.nl\/wp-content\/uploads\/2017\/05\/feat-verwijzers1.jpg","type":"image\/jpeg"}],"twitter_card":"summary_large_image","twitter_misc":{"Est. reading time":"2 minutes"},"schema":{"@context":"https:\/\/schema.org","@graph":[{"@type":"WebPage","@id":"https:\/\/implantologiedenhaag.nl\/voor-verwijzers\/mogelijkheden-tot-verwijzing\/","url":"https:\/\/implantologiedenhaag.nl\/voor-verwijzers\/mogelijkheden-tot-verwijzing\/","name":"Mogelijkheden tot verwijzing (EN) - Implantologie Den Haag","isPartOf":{"@id":"https:\/\/implantologiedenhaag.nl\/#website"},"primaryImageOfPage":{"@id":"https:\/\/implantologiedenhaag.nl\/voor-verwijzers\/mogelijkheden-tot-verwijzing\/#primaryimage"},"image":{"@id":"https:\/\/implantologiedenhaag.nl\/voor-verwijzers\/mogelijkheden-tot-verwijzing\/#primaryimage"},"thumbnailUrl":"https:\/\/implantologiedenhaag.nl\/wp-content\/uploads\/2025\/11\/2025-verwijzer.jpg","datePublished":"2017-08-30T07:25:45+00:00","dateModified":"2017-08-30T11:25:46+00:00","breadcrumb":{"@id":"https:\/\/implantologiedenhaag.nl\/voor-verwijzers\/mogelijkheden-tot-verwijzing\/#breadcrumb"},"inLanguage":"en-US","potentialAction":[{"@type":"ReadAction","target":["https:\/\/implantologiedenhaag.nl\/voor-verwijzers\/mogelijkheden-tot-verwijzing\/"]}]},{"@type":"ImageObject","inLanguage":"en-US","@id":"https:\/\/implantologiedenhaag.nl\/voor-verwijzers\/mogelijkheden-tot-verwijzing\/#primaryimage","url":"https:\/\/implantologiedenhaag.nl\/wp-content\/uploads\/2025\/11\/2025-verwijzer.jpg","contentUrl":"https:\/\/implantologiedenhaag.nl\/wp-content\/uploads\/2025\/11\/2025-verwijzer.jpg","width":1500,"height":1001},{"@type":"BreadcrumbList","@id":"https:\/\/implantologiedenhaag.nl\/voor-verwijzers\/mogelijkheden-tot-verwijzing\/#breadcrumb","itemListElement":[{"@type":"ListItem","position":1,"name":"Home","item":"https:\/\/implantologiedenhaag.nl\/"},{"@type":"ListItem","position":2,"name":"Specialists","item":"https:\/\/implantologiedenhaag.nl\/voor-verwijzers\/"},{"@type":"ListItem","position":3,"name":"Mogelijkheden tot verwijzing (EN)"}]},{"@type":"WebSite","@id":"https:\/\/implantologiedenhaag.nl\/#website","url":"https:\/\/implantologiedenhaag.nl\/","name":"Implantologie Den Haag","description":"Implantologie Den Haag | TEK Groenendijk ","publisher":{"@id":"https:\/\/implantologiedenhaag.nl\/#organization"},"potentialAction":[{"@type":"SearchAction","target":{"@type":"EntryPoint","urlTemplate":"https:\/\/implantologiedenhaag.nl\/?s={search_term_string}"},"query-input":{"@type":"PropertyValueSpecification","valueRequired":true,"valueName":"search_term_string"}}],"inLanguage":"en-US"},{"@type":"Organization","@id":"https:\/\/implantologiedenhaag.nl\/#organization","name":"Implantologie Den Haag","url":"https:\/\/implantologiedenhaag.nl\/","logo":{"@type":"ImageObject","inLanguage":"en-US","@id":"https:\/\/implantologiedenhaag.nl\/#\/schema\/logo\/image\/","url":"https:\/\/implantologiedenhaag.nl\/wp-content\/uploads\/2025\/11\/logo.png","contentUrl":"https:\/\/implantologiedenhaag.nl\/wp-content\/uploads\/2025\/11\/logo.png","width":400,"height":100,"caption":"Implantologie Den Haag"},"image":{"@id":"https:\/\/implantologiedenhaag.nl\/#\/schema\/logo\/image\/"}}]}},"_links":{"self":[{"href":"https:\/\/implantologiedenhaag.nl\/en\/wp-json\/wp\/v2\/pages\/271","targetHints":{"allow":["GET"]}}],"collection":[{"href":"https:\/\/implantologiedenhaag.nl\/en\/wp-json\/wp\/v2\/pages"}],"about":[{"href":"https:\/\/implantologiedenhaag.nl\/en\/wp-json\/wp\/v2\/types\/page"}],"author":[{"embeddable":true,"href":"https:\/\/implantologiedenhaag.nl\/en\/wp-json\/wp\/v2\/users\/1"}],"replies":[{"embeddable":true,"href":"https:\/\/implantologiedenhaag.nl\/en\/wp-json\/wp\/v2\/comments?post=271"}],"version-history":[{"count":0,"href":"https:\/\/implantologiedenhaag.nl\/en\/wp-json\/wp\/v2\/pages\/271\/revisions"}],"up":[{"embeddable":true,"href":"https:\/\/implantologiedenhaag.nl\/en\/wp-json\/wp\/v2\/pages\/269"}],"wp:featuredmedia":[{"embeddable":true,"href":"https:\/\/implantologiedenhaag.nl\/en\/wp-json\/wp\/v2\/media\/1479"}],"wp:attachment":[{"href":"https:\/\/implantologiedenhaag.nl\/en\/wp-json\/wp\/v2\/media?parent=271"}],"curies":[{"name":"wp","href":"https:\/\/api.w.org\/{rel}","templated":true}]}}